{"id":9,"date":"2020-03-28T15:23:54","date_gmt":"2020-03-28T15:23:54","guid":{"rendered":"http:\/\/appetitcafe.pl\/?page_id=9"},"modified":"2025-01-20T19:58:19","modified_gmt":"2025-01-20T19:58:19","slug":"restauracja-jelenia-gora-cieplice-o-nas","status":"publish","type":"page","link":"https:\/\/appetitcafe.pl\/index.php\/restauracja-jelenia-gora-cieplice-o-nas\/","title":{"rendered":"O nas"},"content":{"rendered":"\n<hr class=\"wp-block-separator is-style-wide\" id=\"at.onas\"\/>\n\n\n\n<div style=\"height:50px\" aria-hidden=\"true\" class=\"wp-block-spacer\"><\/div>\n\n\n\n<h2 class=\"wp-block-heading\"><strong>Do przygotowywania jedzenia podchodzimy niezwyk\u0142\u0105 staranno\u015bci\u0105 a przygotowywanie  da\u0144, deser\u00f3w i  napoj\u00f3w to nasza pasja.<\/strong><\/h2>\n\n\n\n<p>Nade wszystko cenimy naturalne sk\u0142adniki i w oparciu o nie przygotowujemy nasze menu.<\/p>\n\n\n\n<p>Ka\u017cdy znajdzie u nas co\u015b dla siebie &#8211; od tre\u015bciwego posi\u0142ku, poprzez przepyszny deser, do ulubionego napitku. <\/p>\n\n\n\n<p>Oferujemy r\u00f3wnie\u017c dania i napoje dietetyczne.<\/p>\n","protected":false},"excerpt":{"rendered":"<p>Do przygotowywania jedzenia podchodzimy niezwyk\u0142\u0105 staranno\u015bci\u0105 a przygotowywanie da\u0144, deser\u00f3w i napoj\u00f3w to nasza pasja. Nade wszystko cenimy naturalne sk\u0142adniki i w oparciu o nie przygotowujemy nasze menu. Ka\u017cdy znajdzie u nas co\u015b dla siebie &#8211; od tre\u015bciwego posi\u0142ku, poprzez przepyszny deser, do ulubionego napitku. Oferujemy r\u00f3wnie\u017c dania i napoje dietetyczne.<\/p>\n","protected":false},"author":1,"featured_media":1469,"parent":0,"menu_order":0,"comment_status":"closed","ping_status":"closed","template":"","meta":{"ngg_post_thumbnail":0,"footnotes":""},"class_list":["post-9","page","type-page","status-publish","has-post-thumbnail","hentry"],"_links":{"self":[{"href":"https:\/\/appetitcafe.pl\/index.php\/wp-json\/wp\/v2\/pages\/9","targetHints":{"allow":["GET"]}}],"collection":[{"href":"https:\/\/appetitcafe.pl\/index.php\/wp-json\/wp\/v2\/pages"}],"about":[{"href":"https:\/\/appetitcafe.pl\/index.php\/wp-json\/wp\/v2\/types\/page"}],"author":[{"embeddable":true,"href":"https:\/\/appetitcafe.pl\/index.php\/wp-json\/wp\/v2\/users\/1"}],"replies":[{"embeddable":true,"href":"https:\/\/appetitcafe.pl\/index.php\/wp-json\/wp\/v2\/comments?post=9"}],"version-history":[{"count":15,"href":"https:\/\/appetitcafe.pl\/index.php\/wp-json\/wp\/v2\/pages\/9\/revisions"}],"predecessor-version":[{"id":1053,"href":"https:\/\/appetitcafe.pl\/index.php\/wp-json\/wp\/v2\/pages\/9\/revisions\/1053"}],"wp:featuredmedia":[{"embeddable":true,"href":"https:\/\/appetitcafe.pl\/index.php\/wp-json\/wp\/v2\/media\/1469"}],"wp:attachment":[{"href":"https:\/\/appetitcafe.pl\/index.php\/wp-json\/wp\/v2\/media?parent=9"}],"curies":[{"name":"wp","href":"https:\/\/api.w.org\/{rel}","templated":true}]}}