{"id":8,"date":"2020-03-28T15:23:54","date_gmt":"2020-03-28T15:23:54","guid":{"rendered":"http:\/\/appetitcafe.pl\/?page_id=8"},"modified":"2025-01-20T18:53:46","modified_gmt":"2025-01-20T18:53:46","slug":"strona-glowna","status":"publish","type":"page","link":"https:\/\/appetitcafe.pl\/","title":{"rendered":"Appetit Cafe"},"content":{"rendered":"\n<hr class=\"wp-block-separator is-style-wide\" id=\"at.home\"\/>\n\n\n\n<div style=\"height:50px\" aria-hidden=\"true\" class=\"wp-block-spacer\"><\/div>\n\n\n\n<h2 class=\"wp-block-heading\"> <strong>Zacznij sw\u00f3j dzie\u0144 wspania\u0142ym smakiem<\/strong> &#8230;<\/h2>\n\n\n\n<p>Je\u015bli masz woln\u0105 godzink\u0119 lub chcesz os\u0142odzi\u0107 sobie dzie\u0144, zaspokoi\u0107 ma\u0142y g\u0142odzik, odpocz\u0105\u0107 po spacerze z pupilem, podzieli\u0107 si\u0119 z przyjaci\u00f3\u0142k\u0105 czy przyjacielem nowin\u0105, wypi\u0107 piwko w gronie przyjaci\u00f3\u0142 \u2013 czekamy z u\u015bmiechem i gor\u0105ca kaw\u0105 lub zimn\u0105 lemoniad\u0105.<\/p>\n\n\n\n<p>Gor\u0105ca szarlotka z jagodami i lodami oraz aromatyczna kawa z kardamonem i czekolada to jedynie niewielki wycinek naszego menu. Mamy te\u017c pyszne ciasto z mango i chia &#8211; zdrowe i niskokaloryczne. <\/p>\n\n\n\n<p>Mo\u017cemy Pa\u0144stwu zaproponowa\u0107 \u015bniadanie,  drugie \u015bniadania czy lunch.<\/p>\n\n\n\n<p> Jednak na tym nie ko\u0144czy si\u0119 nasze bogate menu. <\/p>\n\n\n\n<p>Mi\u0142o i w przyjemnej atmosferze sp\u0119dzicie Pa\u0144stwo czas i uraczycie  swoje  podniebienie.<\/p>\n\n\n\n<p>Zapraszamy do Appetit Cafe.<\/p>\n","protected":false},"excerpt":{"rendered":"<p>Zacznij sw\u00f3j dzie\u0144 wspania\u0142ym smakiem &#8230; Je\u015bli masz woln\u0105 godzink\u0119 lub chcesz os\u0142odzi\u0107 sobie dzie\u0144, zaspokoi\u0107 ma\u0142y g\u0142odzik, odpocz\u0105\u0107 po spacerze z pupilem, podzieli\u0107 si\u0119 z przyjaci\u00f3\u0142k\u0105 czy przyjacielem nowin\u0105, wypi\u0107 piwko w gronie przyjaci\u00f3\u0142 \u2013 czekamy z u\u015bmiechem i gor\u0105ca kaw\u0105 lub zimn\u0105 lemoniad\u0105. Gor\u0105ca szarlotka z jagodami i lodami oraz aromatyczna kawa z &hellip; <\/p>\n<p class=\"link-more\"><a href=\"https:\/\/appetitcafe.pl\/\" class=\"more-link\">Czytaj dalej<span class=\"screen-reader-text\"> \u201eAppetit Cafe\u201d<\/span><\/a><\/p>\n","protected":false},"author":1,"featured_media":0,"parent":0,"menu_order":0,"comment_status":"closed","ping_status":"closed","template":"","meta":{"ngg_post_thumbnail":0,"footnotes":""},"class_list":["post-8","page","type-page","status-publish","hentry"],"_links":{"self":[{"href":"https:\/\/appetitcafe.pl\/index.php\/wp-json\/wp\/v2\/pages\/8","targetHints":{"allow":["GET"]}}],"collection":[{"href":"https:\/\/appetitcafe.pl\/index.php\/wp-json\/wp\/v2\/pages"}],"about":[{"href":"https:\/\/appetitcafe.pl\/index.php\/wp-json\/wp\/v2\/types\/page"}],"author":[{"embeddable":true,"href":"https:\/\/appetitcafe.pl\/index.php\/wp-json\/wp\/v2\/users\/1"}],"replies":[{"embeddable":true,"href":"https:\/\/appetitcafe.pl\/index.php\/wp-json\/wp\/v2\/comments?post=8"}],"version-history":[{"count":25,"href":"https:\/\/appetitcafe.pl\/index.php\/wp-json\/wp\/v2\/pages\/8\/revisions"}],"predecessor-version":[{"id":1453,"href":"https:\/\/appetitcafe.pl\/index.php\/wp-json\/wp\/v2\/pages\/8\/revisions\/1453"}],"wp:attachment":[{"href":"https:\/\/appetitcafe.pl\/index.php\/wp-json\/wp\/v2\/media?parent=8"}],"curies":[{"name":"wp","href":"https:\/\/api.w.org\/{rel}","templated":true}]}}