{"id":10,"date":"2020-03-28T15:23:54","date_gmt":"2020-03-28T15:23:54","guid":{"rendered":"http:\/\/appetitcafe.pl\/?page_id=10"},"modified":"2025-01-21T00:45:00","modified_gmt":"2025-01-21T00:45:00","slug":"restauracja-jelenia-gora-cieplice-kontakt","status":"publish","type":"page","link":"https:\/\/appetitcafe.pl\/index.php\/restauracja-jelenia-gora-cieplice-kontakt\/","title":{"rendered":"Kontakt"},"content":{"rendered":"\n<hr class=\"wp-block-separator is-style-wide\" id=\"at.kontakt\"\/>\n\n\n\n<div style=\"height:50px\" aria-hidden=\"true\" class=\"wp-block-spacer\"><\/div>\n\n\n\n<h2 class=\"wp-block-heading\"><strong>Nasz adres:<\/strong><\/h2>\n\n\n\n<p class=\"has-text-align-center\">&#8230;.<\/p>\n\n\n\n<p class=\"has-text-align-center\"><\/p>\n\n\n\n<p class=\"has-text-align-center\">telefon: <br><strong>&#8230;<\/strong><\/p>\n\n\n\n<p class=\"has-text-align-center has-background has-normal-font-size\" style=\"background-color:#f7ecd8\"><strong>Serdecznie zapraszamy na  \u015bniadania, drugie \u015bniadania i lunch.<\/strong><\/p>\n\n\n<div class=\"wp-block-image\">\n<figure class=\"aligncenter size-medium\"><img loading=\"lazy\" decoding=\"async\" width=\"300\" height=\"300\" src=\"https:\/\/appetitcafe.pl\/wp-content\/uploads\/2025\/01\/cropped-Appetit-Cafe-Logo-quad-swirl-2_WEBP-300x300.webp\" alt=\"\" class=\"wp-image-1463\" srcset=\"https:\/\/appetitcafe.pl\/wp-content\/uploads\/2025\/01\/cropped-Appetit-Cafe-Logo-quad-swirl-2_WEBP-300x300.webp 300w, https:\/\/appetitcafe.pl\/wp-content\/uploads\/2025\/01\/cropped-Appetit-Cafe-Logo-quad-swirl-2_WEBP-150x150.webp 150w, https:\/\/appetitcafe.pl\/wp-content\/uploads\/2025\/01\/cropped-Appetit-Cafe-Logo-quad-swirl-2_WEBP-100x100.webp 100w, https:\/\/appetitcafe.pl\/wp-content\/uploads\/2025\/01\/cropped-Appetit-Cafe-Logo-quad-swirl-2_WEBP-270x270.webp 270w, https:\/\/appetitcafe.pl\/wp-content\/uploads\/2025\/01\/cropped-Appetit-Cafe-Logo-quad-swirl-2_WEBP-192x192.webp 192w, https:\/\/appetitcafe.pl\/wp-content\/uploads\/2025\/01\/cropped-Appetit-Cafe-Logo-quad-swirl-2_WEBP-180x180.webp 180w, https:\/\/appetitcafe.pl\/wp-content\/uploads\/2025\/01\/cropped-Appetit-Cafe-Logo-quad-swirl-2_WEBP-32x32.webp 32w, https:\/\/appetitcafe.pl\/wp-content\/uploads\/2025\/01\/cropped-Appetit-Cafe-Logo-quad-swirl-2_WEBP.webp 512w\" sizes=\"auto, (max-width: 300px) 100vw, 300px\" \/><\/figure><\/div>\n\n\n<div style=\"height:100px\" aria-hidden=\"true\" class=\"wp-block-spacer\"><\/div>\n\n\n\n<p class=\"has-text-align-left\">Wskaz\u00f3wki dojazdu:<\/p>\n\n\n\n<p>&#8230;<\/p>\n","protected":false},"excerpt":{"rendered":"<p>Nasz adres: &#8230;. telefon: &#8230; Serdecznie zapraszamy na \u015bniadania, drugie \u015bniadania i lunch. Wskaz\u00f3wki dojazdu: &#8230;<\/p>\n","protected":false},"author":1,"featured_media":1466,"parent":0,"menu_order":0,"comment_status":"closed","ping_status":"closed","template":"","meta":{"ngg_post_thumbnail":0,"footnotes":""},"class_list":["post-10","page","type-page","status-publish","has-post-thumbnail","hentry"],"_links":{"self":[{"href":"https:\/\/appetitcafe.pl\/index.php\/wp-json\/wp\/v2\/pages\/10","targetHints":{"allow":["GET"]}}],"collection":[{"href":"https:\/\/appetitcafe.pl\/index.php\/wp-json\/wp\/v2\/pages"}],"about":[{"href":"https:\/\/appetitcafe.pl\/index.php\/wp-json\/wp\/v2\/types\/page"}],"author":[{"embeddable":true,"href":"https:\/\/appetitcafe.pl\/index.php\/wp-json\/wp\/v2\/users\/1"}],"replies":[{"embeddable":true,"href":"https:\/\/appetitcafe.pl\/index.php\/wp-json\/wp\/v2\/comments?post=10"}],"version-history":[{"count":29,"href":"https:\/\/appetitcafe.pl\/index.php\/wp-json\/wp\/v2\/pages\/10\/revisions"}],"predecessor-version":[{"id":1568,"href":"https:\/\/appetitcafe.pl\/index.php\/wp-json\/wp\/v2\/pages\/10\/revisions\/1568"}],"wp:featuredmedia":[{"embeddable":true,"href":"https:\/\/appetitcafe.pl\/index.php\/wp-json\/wp\/v2\/media\/1466"}],"wp:attachment":[{"href":"https:\/\/appetitcafe.pl\/index.php\/wp-json\/wp\/v2\/media?parent=10"}],"curies":[{"name":"wp","href":"https:\/\/api.w.org\/{rel}","templated":true}]}}